{"id":1280,"date":"2019-12-22T07:49:32","date_gmt":"2019-12-22T06:49:32","guid":{"rendered":"http:\/\/cacbelgrade.be\/?page_id=1280"},"modified":"2024-11-02T10:16:46","modified_gmt":"2024-11-02T09:16:46","slug":"conditions-generales-de-vente","status":"publish","type":"page","link":"https:\/\/cacbelgrade.be\/index.php\/legal\/conditions-generales-de-vente\/","title":{"rendered":"Conditions G\u00e9n\u00e9rales de Vente"},"content":{"rendered":"<h2 style=\"text-align: center;\"><span style=\"color: #ff00ff;\"><strong>AVIS IMPORTANT<\/strong><\/span><\/h2>\n<p style=\"text-align: justify;\">Depuis le 23 mars 2019, le Code des Soci\u00e9t\u00e9s et Association (CSA) r\u00e9glemente les ASBL.<\/p>\n<p style=\"text-align: justify;\">Aussi, depuis ce jour, notre Asbl est devenue une entreprise commerciale, mais reste sans but lucratif.\u00a0 Notre int\u00e9r\u00eat reste donc l&rsquo;animation de nos quartiers par des r\u00e9jouissances populaires, des kermesses, des actions en faveur de cat\u00e9gorie de personnes plus fragilis\u00e9es, etc.<\/p>\n<p style=\"text-align: justify;\">En tant qu&rsquo;entreprise, nous avons donc \u00e9mit des Conditions G\u00e9n\u00e9rales de Vente.<\/p>\n<ol>\n<li style=\"text-align: justify;\">Toute personne qui s&rsquo;inscrit, ou inscrit plusieurs personnes,\u00a0 au moyen d&rsquo;un formulaire d&rsquo;inscription en ligne ou version papier s&rsquo;engage \u00e0 payer le produit vendu pour lequel elle s&rsquo;est inscrite.<\/li>\n<li style=\"text-align: justify;\">Toute inscription fait foi de bon de commande.<\/li>\n<li style=\"text-align: justify;\">Le droit de r\u00e9tractation est ramen\u00e9 \u00e0 48h00 avant le moment de la vente du produit. Toutefois, si la non consommation du produit est due \u00e0 une raison m\u00e9dicale certifi\u00e9e par un m\u00e9decin ou une raison de force majeure constat\u00e9e ou ordonn\u00e9e par une autorit\u00e9 civile ou militaire, une d\u00e9cision du Conseil d&rsquo;Administration peut aboutir au remboursement total ou partiel du produit non consomm\u00e9.\u00a0 Dans tout les autres cas, le produit est du dans son int\u00e9gralit\u00e9, consomm\u00e9 ou non.<\/li>\n<li style=\"text-align: justify;\">La vente de tout produit est justifi\u00e9 par une facture de vente, soit global en vente comptoir, soit nominative et individuelle. Toutes nos factures sont payables au grand comptant sans escompte, sauf stipulation contraire inscrite sur le document.<\/li>\n<li style=\"text-align: justify;\">Le non-paiement d&rsquo;une facture entra\u00eene d&rsquo;office l&rsquo;application des int\u00e9r\u00eats moratoires au taux de 10% sans mise en demeure pr\u00e9alable \u00e0 la d\u00e9bition \u00e0 titre de clause p\u00e9nale d&rsquo;une indemnit\u00e9 forfaitaire de 10% du montant impay\u00e9 sans que ladite indemnit\u00e9 puisse \u00eatre inf\u00e9rieure \u00e0 12,50 \u20ac.<\/li>\n<li style=\"text-align: justify;\">Les frais de port, transport, ou autre frais \u00e9ventuels tels de taxes douani\u00e8res, frais de change, etc., sont \u00e0 charge du client.<\/li>\n<li style=\"text-align: justify;\">La marchandise reste notre propri\u00e9t\u00e9 jusqu&rsquo;\u00e0 paiement int\u00e9gral. En cas de faillite ou de saisie conservatoire, notre marchandise non pay\u00e9e ne peut \u00eatre saisie.<\/li>\n<li style=\"text-align: justify;\">Pour toutes contestations, les tribunaux de l\u2019Entreprise de Li\u00e8ge, section de Namur (Belgique) sont seuls comp\u00e9tents.<\/li>\n<li style=\"text-align: justify;\">Par le fait de passer commande, le client reconna\u00eet avoir pris connaissance de nos conditions et s&rsquo;engage \u00e0 les respecter int\u00e9gralement.<\/li>\n<\/ol>\n<p>Pour l&rsquo;Organe d&rsquo;Administration et l&rsquo;Organe de Gestion,<\/p>\n<p>St\u00e9phan Michelet, Pr\u00e9sident, Administrateur et D\u00e9l\u00e9gu\u00e9 \u00e0 la gestion journali\u00e8re.<\/p>\n<p><a>Imprimer cette page<\/a><\/p>\n","protected":false},"excerpt":{"rendered":"<p>AVIS IMPORTANT Depuis le 23 mars 2019, le Code des Soci\u00e9t\u00e9s et Association (CSA) r\u00e9glemente les ASBL. Aussi, depuis ce jour, notre Asbl est devenue une entreprise commerciale, mais reste sans but lucratif.\u00a0 Notre int\u00e9r\u00eat reste donc l&rsquo;animation de nos &hellip; <a href=\"https:\/\/cacbelgrade.be\/index.php\/legal\/conditions-generales-de-vente\/\">Continuer la lecture <span class=\"meta-nav\">&rarr;<\/span><\/a><\/p>\n","protected":false},"author":1,"featured_media":0,"parent":731,"menu_order":3,"comment_status":"closed","ping_status":"closed","template":"onecolumn-page.php","meta":{"jetpack_post_was_ever_published":false,"footnotes":""},"class_list":["post-1280","page","type-page","status-publish","hentry"],"jetpack_sharing_enabled":false,"jetpack_shortlink":"https:\/\/wp.me\/P9lq1t-kE","jetpack_likes_enabled":false,"jetpack-related-posts":[],"_links":{"self":[{"href":"https:\/\/cacbelgrade.be\/index.php\/wp-json\/wp\/v2\/pages\/1280","targetHints":{"allow":["GET"]}}],"collection":[{"href":"https:\/\/cacbelgrade.be\/index.php\/wp-json\/wp\/v2\/pages"}],"about":[{"href":"https:\/\/cacbelgrade.be\/index.php\/wp-json\/wp\/v2\/types\/page"}],"author":[{"embeddable":true,"href":"https:\/\/cacbelgrade.be\/index.php\/wp-json\/wp\/v2\/users\/1"}],"replies":[{"embeddable":true,"href":"https:\/\/cacbelgrade.be\/index.php\/wp-json\/wp\/v2\/comments?post=1280"}],"version-history":[{"count":9,"href":"https:\/\/cacbelgrade.be\/index.php\/wp-json\/wp\/v2\/pages\/1280\/revisions"}],"predecessor-version":[{"id":3972,"href":"https:\/\/cacbelgrade.be\/index.php\/wp-json\/wp\/v2\/pages\/1280\/revisions\/3972"}],"up":[{"embeddable":true,"href":"https:\/\/cacbelgrade.be\/index.php\/wp-json\/wp\/v2\/pages\/731"}],"wp:attachment":[{"href":"https:\/\/cacbelgrade.be\/index.php\/wp-json\/wp\/v2\/media?parent=1280"}],"curies":[{"name":"wp","href":"https:\/\/api.w.org\/{rel}","templated":true}]}}