{"id":2957,"date":"2022-09-18T10:32:06","date_gmt":"2022-09-18T08:32:06","guid":{"rendered":"https:\/\/cacbelgrade.be\/?page_id=2957"},"modified":"2026-05-12T07:00:58","modified_gmt":"2026-05-12T05:00:58","slug":"inscriptions-marche-de-noel","status":"publish","type":"page","link":"https:\/\/cacbelgrade.be\/index.php\/animations\/inscriptions-marche-de-noel\/","title":{"rendered":"Inscriptions March\u00e9 de No\u00ebl"},"content":{"rendered":"\n<div class=\"wpcf7 no-js\" id=\"wpcf7-f4154-o1\" lang=\"fr-FR\" dir=\"ltr\" data-wpcf7-id=\"4154\">\n<div class=\"screen-reader-response\"><p role=\"status\" aria-live=\"polite\" aria-atomic=\"true\"><\/p> <ul><\/ul><\/div>\n<form action=\"\/index.php\/wp-json\/wp\/v2\/pages\/2957#wpcf7-f4154-o1\" method=\"post\" class=\"wpcf7-form init\" aria-label=\"Formulaire de contact\" novalidate=\"novalidate\" data-status=\"init\">\n<fieldset class=\"hidden-fields-container\"><input type=\"hidden\" name=\"_wpcf7\" value=\"4154\" \/><input type=\"hidden\" name=\"_wpcf7_version\" value=\"6.1.5\" \/><input type=\"hidden\" name=\"_wpcf7_locale\" value=\"fr_FR\" \/><input type=\"hidden\" name=\"_wpcf7_unit_tag\" value=\"wpcf7-f4154-o1\" \/><input type=\"hidden\" name=\"_wpcf7_container_post\" value=\"0\" \/><input type=\"hidden\" name=\"_wpcf7_posted_data_hash\" value=\"\" \/><input type=\"hidden\" name=\"_wpcf7cf_hidden_group_fields\" value=\"[]\" \/><input type=\"hidden\" name=\"_wpcf7cf_hidden_groups\" value=\"[]\" \/><input type=\"hidden\" name=\"_wpcf7cf_visible_groups\" value=\"[]\" \/><input type=\"hidden\" name=\"_wpcf7cf_repeaters\" value=\"[]\" \/><input type=\"hidden\" name=\"_wpcf7cf_steps\" value=\"{}\" \/><input type=\"hidden\" name=\"_wpcf7cf_options\" value=\"{&quot;form_id&quot;:4154,&quot;conditions&quot;:[{&quot;then_field&quot;:&quot;group-Samedi&quot;,&quot;and_rules&quot;:[{&quot;if_field&quot;:&quot;checkbox-jour&quot;,&quot;operator&quot;:&quot;equals&quot;,&quot;if_value&quot;:&quot;March\\u00e9 de No\\u00ebl du Samedi 12 d\\u00e9cembre 2026&quot;}]},{&quot;then_field&quot;:&quot;group-Dimanche&quot;,&quot;and_rules&quot;:[{&quot;if_field&quot;:&quot;checkbox-jour&quot;,&quot;operator&quot;:&quot;equals&quot;,&quot;if_value&quot;:&quot;March\\u00e9 de No\\u00ebl du Dimanche 13 d\\u00e9cembre 2026&quot;}]},{&quot;then_field&quot;:&quot;group-SametDim&quot;,&quot;and_rules&quot;:[{&quot;if_field&quot;:&quot;checkbox-jour&quot;,&quot;operator&quot;:&quot;equals&quot;,&quot;if_value&quot;:&quot;March\\u00e9 de No\\u00ebl des Samedi 12 et Dimanche 13 d\\u00e9cembre 2026&quot;}]}],&quot;settings&quot;:{&quot;animation&quot;:&quot;yes&quot;,&quot;animation_intime&quot;:200,&quot;animation_outtime&quot;:200,&quot;conditions_ui&quot;:&quot;normal&quot;,&quot;notice_dismissed&quot;:false,&quot;repeater_remove_button&quot;:&quot;bottom&quot;,&quot;notice_dismissed_rollback-cf7-5.7.5.1&quot;:true,&quot;notice_dismissed_rollback-cf7-5.8.3&quot;:true,&quot;notice_dismissed_rollback-cf7-5.9.2&quot;:true,&quot;notice_dismissed_rollback-cf7-5.9.3&quot;:true}}\" \/>\n<\/fieldset>\n<p><label> Votre nom<br \/>\n<span class=\"wpcf7-form-control-wrap\" data-name=\"your-name\"><input size=\"40\" maxlength=\"400\" class=\"wpcf7-form-control wpcf7-text wpcf7-validates-as-required\" autocomplete=\"name\" aria-required=\"true\" aria-invalid=\"false\" value=\"\" type=\"text\" name=\"your-name\" \/><\/span> <\/label>\n<\/p>\n<p><label> Votre e-mail<br \/>\n<span class=\"wpcf7-form-control-wrap\" data-name=\"your-email\"><input size=\"40\" maxlength=\"400\" class=\"wpcf7-form-control wpcf7-email wpcf7-validates-as-required wpcf7-text wpcf7-validates-as-email\" autocomplete=\"email\" aria-required=\"true\" aria-invalid=\"false\" value=\"\" type=\"email\" name=\"your-email\" \/><\/span> <\/label>\n<\/p>\n<p><label> Votre t\u00e9l\u00e9phone<br \/>\n<span class=\"wpcf7-form-control-wrap\" data-name=\"your-tel\"><input size=\"40\" maxlength=\"400\" class=\"wpcf7-form-control wpcf7-tel wpcf7-validates-as-required wpcf7-text wpcf7-validates-as-tel\" autocomplete=\"tel\" aria-required=\"true\" aria-invalid=\"false\" value=\"\" type=\"tel\" name=\"your-tel\" \/><\/span> <\/label>\n<\/p>\n<p><label> Votre n\u00b0 de TVA ou BCE<br \/>\n<span class=\"wpcf7-form-control-wrap\" data-name=\"tva-btw\"><input size=\"40\" maxlength=\"400\" class=\"wpcf7-form-control wpcf7-text wpcf7-validates-as-required\" aria-required=\"true\" aria-invalid=\"false\" value=\"\" type=\"text\" name=\"tva-btw\" \/><\/span> <\/label>\n<\/p>\n<p><label>Cochez la(les) date(s) choisie(s) <\/label><br \/>\n<span class=\"wpcf7-form-control-wrap\" data-name=\"checkbox-jour\"><span class=\"wpcf7-form-control wpcf7-checkbox wpcf7-validates-as-required\"><span class=\"wpcf7-list-item first\"><label><input type=\"checkbox\" name=\"checkbox-jour[]\" value=\"March\u00e9 de No\u00ebl du Samedi 12 d\u00e9cembre 2026\" \/><span class=\"wpcf7-list-item-label\">March\u00e9 de No\u00ebl du Samedi 12 d\u00e9cembre 2026<\/span><\/label><\/span><span class=\"wpcf7-list-item\"><label><input type=\"checkbox\" name=\"checkbox-jour[]\" value=\"March\u00e9 de No\u00ebl du Dimanche 13 d\u00e9cembre 2026\" \/><span class=\"wpcf7-list-item-label\">March\u00e9 de No\u00ebl du Dimanche 13 d\u00e9cembre 2026<\/span><\/label><\/span><span class=\"wpcf7-list-item last\"><label><input type=\"checkbox\" name=\"checkbox-jour[]\" value=\"March\u00e9 de No\u00ebl des Samedi 12 et Dimanche 13 d\u00e9cembre 2026\" \/><span class=\"wpcf7-list-item-label\">March\u00e9 de No\u00ebl des Samedi 12 et Dimanche 13 d\u00e9cembre 2026<\/span><\/label><\/span><\/span><\/span>\n<\/p>\n<div data-id=\"group-Samedi\" data-orig_data_id=\"group-Samedi\"  class=\"\" data-class=\"wpcf7cf_group\">\n\t<p><label>Je r\u00e9serve pour Samedi 12 d\u00e9cembre 2026 <\/label><br \/>\n<span class=\"wpcf7-form-control-wrap\" data-name=\"menu-samedi\"><select class=\"wpcf7-form-control wpcf7-select wpcf7-validates-as-required\" aria-required=\"true\" aria-invalid=\"false\" name=\"menu-samedi\"><option value=\"\"><\/option><option value=\"1 table pour 10,00 \u20ac\">1 table pour 10,00 \u20ac<\/option><option value=\"2 tables pour 20,00 \u20ac\">2 tables pour 20,00 \u20ac<\/option><option value=\"3 tables pour 30,00 \u20ac\">3 tables pour 30,00 \u20ac<\/option><option value=\"4 tables pour 40,00 \u20ac\">4 tables pour 40,00 \u20ac<\/option><option value=\"Autre espace \u00e0 d\u00e9finir avec l&#039;organisateur\">Autre espace \u00e0 d\u00e9finir avec l&#039;organisateur<\/option><\/select><\/span>\n\t<\/p>\n<\/div>\n<div data-id=\"group-Dimanche\" data-orig_data_id=\"group-Dimanche\"  class=\"\" data-class=\"wpcf7cf_group\">\n\t<p><label>Je r\u00e9serve pour Dimanche 13 d\u00e9cembre 2026 <\/label><br \/>\n<span class=\"wpcf7-form-control-wrap\" data-name=\"menu-dimanche\"><select class=\"wpcf7-form-control wpcf7-select wpcf7-validates-as-required\" aria-required=\"true\" aria-invalid=\"false\" name=\"menu-dimanche\"><option value=\"\"><\/option><option value=\"1 table pour 10,00 \u20ac\">1 table pour 10,00 \u20ac<\/option><option value=\"2 tables pour 20,00 \u20ac\">2 tables pour 20,00 \u20ac<\/option><option value=\"3 tables pour 30,00 \u20ac\">3 tables pour 30,00 \u20ac<\/option><option value=\"4 tables pour 40,00 \u20ac\">4 tables pour 40,00 \u20ac<\/option><option value=\"Autre espace \u00e0 d\u00e9finir avec l&#039;organisateur\">Autre espace \u00e0 d\u00e9finir avec l&#039;organisateur<\/option><\/select><\/span>\n\t<\/p>\n<\/div>\n<div data-id=\"group-SametDim\" data-orig_data_id=\"group-SametDim\"  class=\"\" data-class=\"wpcf7cf_group\">\n\t<p><label>Je r\u00e9serve pour Samedi 12 et Dimanche 13 d\u00e9cembre 2026 <\/label><br \/>\n<span class=\"wpcf7-form-control-wrap\" data-name=\"menu-sametdim\"><select class=\"wpcf7-form-control wpcf7-select wpcf7-validates-as-required\" aria-required=\"true\" aria-invalid=\"false\" name=\"menu-sametdim\"><option value=\"\"><\/option><option value=\"1 table pour 18,00 \u20ac\">1 table pour 18,00 \u20ac<\/option><option value=\"2 tables pour 36,00 \u20ac\">2 tables pour 36,00 \u20ac<\/option><option value=\"3 tables pour 54,00 \u20ac\">3 tables pour 54,00 \u20ac<\/option><option value=\"4 tables pour 72,00 \u20ac\">4 tables pour 72,00 \u20ac<\/option><option value=\"Autre espace \u00e0 d\u00e9finir avec l&#039;organisateur\">Autre espace \u00e0 d\u00e9finir avec l&#039;organisateur<\/option><\/select><\/span>\n\t<\/p>\n<\/div>\n<p><label> Produit propos\u00e9 \u00e0 la vente<br \/>\n<span class=\"wpcf7-form-control-wrap\" data-name=\"text-vente\"><input size=\"40\" maxlength=\"400\" class=\"wpcf7-form-control wpcf7-text wpcf7-validates-as-required\" aria-required=\"true\" aria-invalid=\"false\" value=\"\" type=\"text\" name=\"text-vente\" \/><\/span> <\/label>\n<\/p>\n<p><span class=\"wpcf7-form-control-wrap\" data-name=\"acceptance-573\"><span class=\"wpcf7-form-control wpcf7-acceptance\"><span class=\"wpcf7-list-item\"><label><input type=\"checkbox\" name=\"acceptance-573\" value=\"1\" aria-invalid=\"false\" \/><span class=\"wpcf7-list-item-label\">Je comprends que seules les r\u00e9servations pay\u00e9es \u00e0 l'avance seront accept\u00e9es.<\/span><\/label><\/span><\/span><\/span>\n<\/p>\n<p><span class=\"wpcf7-form-control-wrap\" data-name=\"acceptance-443\"><span class=\"wpcf7-form-control wpcf7-acceptance\"><span class=\"wpcf7-list-item\"><label><input type=\"checkbox\" name=\"acceptance-443\" value=\"1\" aria-invalid=\"false\" \/><span class=\"wpcf7-list-item-label\">J'autorise le CAC Belgrade asbl \u00e0 traiter mes donn\u00e9es personnelles pour cet \u00e9v\u00e8nement.<\/span><\/label><\/span><\/span><\/span>\n<\/p>\n<p><label> Votre message (facultatif)<br \/>\n<span class=\"wpcf7-form-control-wrap\" data-name=\"your-message\"><textarea cols=\"40\" rows=\"10\" maxlength=\"2000\" class=\"wpcf7-form-control wpcf7-textarea\" aria-invalid=\"false\" name=\"your-message\"><\/textarea><\/span> <\/label>\n<\/p>\n<p><input class=\"wpcf7-form-control wpcf7-submit has-spinner\" type=\"submit\" value=\"Envoyer\" \/>\n<\/p><div class=\"wpcf7-response-output\" aria-hidden=\"true\"><\/div>\n<\/form>\n<\/div>\n\n<p style=\"text-align: left;\">Vous pouvez payer la location de tables via ce QR Code.<\/p>\n<p style=\"text-align: center;\"><img data-recalc-dims=\"1\" loading=\"lazy\" decoding=\"async\" data-attachment-id=\"4852\" data-permalink=\"https:\/\/cacbelgrade.be\/index.php\/animations\/inscriptions-marche-de-noel\/qr-code-tables-de-noel-2\/\" data-orig-file=\"https:\/\/i0.wp.com\/cacbelgrade.be\/wp-content\/uploads\/2025\/11\/QR-CODE-TABLES-DE-NOEL.png?fit=120%2C120&amp;ssl=1\" data-orig-size=\"120,120\" data-comments-opened=\"1\" data-image-meta=\"{&quot;aperture&quot;:&quot;0&quot;,&quot;credit&quot;:&quot;&quot;,&quot;camera&quot;:&quot;&quot;,&quot;caption&quot;:&quot;&quot;,&quot;created_timestamp&quot;:&quot;0&quot;,&quot;copyright&quot;:&quot;&quot;,&quot;focal_length&quot;:&quot;0&quot;,&quot;iso&quot;:&quot;0&quot;,&quot;shutter_speed&quot;:&quot;0&quot;,&quot;title&quot;:&quot;&quot;,&quot;orientation&quot;:&quot;0&quot;}\" data-image-title=\"QR CODE TABLES DE NOEL\" data-image-description=\"\" data-image-caption=\"\" data-large-file=\"https:\/\/i0.wp.com\/cacbelgrade.be\/wp-content\/uploads\/2025\/11\/QR-CODE-TABLES-DE-NOEL.png?fit=120%2C120&amp;ssl=1\" class=\"alignnone size-full wp-image-4852\" src=\"https:\/\/i0.wp.com\/cacbelgrade.be\/wp-content\/uploads\/2025\/11\/QR-CODE-TABLES-DE-NOEL.png?resize=120%2C120&#038;ssl=1\" alt=\"\" width=\"120\" height=\"120\" \/><\/p>\n<p style=\"text-align: left;\">ou par un versement sur le compte BNP-Paribas-Fortis N\u00b0 BE57 0013 8595 8935 du \u00ab\u00a0CAC Belgrade asbl\u00a0\u00bb avec pour communication le nom de l&rsquo;inscription,\u00a0 le nombre de tables , et \u00ab\u00a0S\u00a0\u00bb pour samedi,\u00a0 \u00ab\u00a0D\u00a0\u00bb pour dimanche, et \u00ab\u00a0SD\u00a0\u00bb pour les deux jours.<\/p>\n<p style=\"text-align: left;\">Nous nous r\u00e9servons le droit d&rsquo;acceptation apr\u00e8s contacts et\/ou paiements.<\/p>\n","protected":false},"excerpt":{"rendered":"<p>Vous pouvez payer la location de tables via ce QR Code. ou par un versement sur le compte BNP-Paribas-Fortis N\u00b0 BE57 0013 8595 8935 du \u00ab\u00a0CAC Belgrade asbl\u00a0\u00bb avec pour communication le nom de l&rsquo;inscription,\u00a0 le nombre de tables , &hellip; <a href=\"https:\/\/cacbelgrade.be\/index.php\/animations\/inscriptions-marche-de-noel\/\">Continuer la lecture <span class=\"meta-nav\">&rarr;<\/span><\/a><\/p>\n","protected":false},"author":1,"featured_media":0,"parent":2984,"menu_order":5,"comment_status":"closed","ping_status":"closed","template":"onecolumn-page.php","meta":{"footnotes":""},"class_list":["post-2957","page","type-page","status-publish","hentry"],"jetpack_sharing_enabled":false,"jetpack_shortlink":"https:\/\/wp.me\/P9lq1t-LH","jetpack_likes_enabled":false,"jetpack-related-posts":[],"_links":{"self":[{"href":"https:\/\/cacbelgrade.be\/index.php\/wp-json\/wp\/v2\/pages\/2957","targetHints":{"allow":["GET"]}}],"collection":[{"href":"https:\/\/cacbelgrade.be\/index.php\/wp-json\/wp\/v2\/pages"}],"about":[{"href":"https:\/\/cacbelgrade.be\/index.php\/wp-json\/wp\/v2\/types\/page"}],"author":[{"embeddable":true,"href":"https:\/\/cacbelgrade.be\/index.php\/wp-json\/wp\/v2\/users\/1"}],"replies":[{"embeddable":true,"href":"https:\/\/cacbelgrade.be\/index.php\/wp-json\/wp\/v2\/comments?post=2957"}],"version-history":[{"count":23,"href":"https:\/\/cacbelgrade.be\/index.php\/wp-json\/wp\/v2\/pages\/2957\/revisions"}],"predecessor-version":[{"id":4853,"href":"https:\/\/cacbelgrade.be\/index.php\/wp-json\/wp\/v2\/pages\/2957\/revisions\/4853"}],"up":[{"embeddable":true,"href":"https:\/\/cacbelgrade.be\/index.php\/wp-json\/wp\/v2\/pages\/2984"}],"wp:attachment":[{"href":"https:\/\/cacbelgrade.be\/index.php\/wp-json\/wp\/v2\/media?parent=2957"}],"curies":[{"name":"wp","href":"https:\/\/api.w.org\/{rel}","templated":true}]}}