{"id":2984,"date":"2022-09-24T13:15:23","date_gmt":"2022-09-24T11:15:23","guid":{"rendered":"https:\/\/cacbelgrade.be\/?page_id=2984"},"modified":"2026-03-12T13:25:58","modified_gmt":"2026-03-12T12:25:58","slug":"animations","status":"publish","type":"page","link":"https:\/\/cacbelgrade.be\/index.php\/animations\/","title":{"rendered":"Animations"},"content":{"rendered":"<ul>\n<li>\n<h3><span style=\"color: #339966;\">Dicauce del Pav\u00e9e (8, 9, 10 mai 2026).<\/span><\/h3>\n<\/li>\n<li>\n<h3><span style=\"color: #339966;\">Dicauce del Bov&rsquo;rie (11, 12 septembre 2026).<\/span><\/h3>\n<\/li>\n<li>\n<h3><span style=\"color: #339966;\">Halloween ( 31 octobre 2026).<\/span><\/h3>\n<\/li>\n<li>\n<h3><span style=\"color: #800000;\"><span style=\"color: #339966;\">Ap\u00e9ro d&rsquo;hiver &amp; March\u00e9 de No\u00ebl (13 &amp; 14 d\u00e9cembre 2026)<\/span>.<\/span><\/h3>\n<\/li>\n<\/ul>\n<p>&nbsp;<\/p>\n","protected":false},"excerpt":{"rendered":"<p>Dicauce del Pav\u00e9e (8, 9, 10 mai 2026). Dicauce del Bov&rsquo;rie (11, 12 septembre 2026). Halloween ( 31 octobre 2026). Ap\u00e9ro d&rsquo;hiver &amp; March\u00e9 de No\u00ebl (13 &amp; 14 d\u00e9cembre 2026). &nbsp;<\/p>\n","protected":false},"author":1,"featured_media":0,"parent":0,"menu_order":9,"comment_status":"closed","ping_status":"closed","template":"onecolumn-page.php","meta":{"jetpack_post_was_ever_published":false,"footnotes":""},"class_list":["post-2984","page","type-page","status-publish","hentry"],"jetpack_sharing_enabled":false,"jetpack_shortlink":"https:\/\/wp.me\/P9lq1t-M8","jetpack_likes_enabled":false,"jetpack-related-posts":[],"_links":{"self":[{"href":"https:\/\/cacbelgrade.be\/index.php\/wp-json\/wp\/v2\/pages\/2984","targetHints":{"allow":["GET"]}}],"collection":[{"href":"https:\/\/cacbelgrade.be\/index.php\/wp-json\/wp\/v2\/pages"}],"about":[{"href":"https:\/\/cacbelgrade.be\/index.php\/wp-json\/wp\/v2\/types\/page"}],"author":[{"embeddable":true,"href":"https:\/\/cacbelgrade.be\/index.php\/wp-json\/wp\/v2\/users\/1"}],"replies":[{"embeddable":true,"href":"https:\/\/cacbelgrade.be\/index.php\/wp-json\/wp\/v2\/comments?post=2984"}],"version-history":[{"count":10,"href":"https:\/\/cacbelgrade.be\/index.php\/wp-json\/wp\/v2\/pages\/2984\/revisions"}],"predecessor-version":[{"id":4958,"href":"https:\/\/cacbelgrade.be\/index.php\/wp-json\/wp\/v2\/pages\/2984\/revisions\/4958"}],"wp:attachment":[{"href":"https:\/\/cacbelgrade.be\/index.php\/wp-json\/wp\/v2\/media?parent=2984"}],"curies":[{"name":"wp","href":"https:\/\/api.w.org\/{rel}","templated":true}]}}