{"id":357,"date":"2018-04-15T19:04:12","date_gmt":"2018-04-15T17:04:12","guid":{"rendered":"http:\/\/cacbelgrade.be\/?page_id=357"},"modified":"2025-09-09T07:21:33","modified_gmt":"2025-09-09T05:21:33","slug":"telechargement","status":"publish","type":"page","link":"https:\/\/cacbelgrade.be\/index.php\/telechargement\/","title":{"rendered":"T\u00e9l\u00e9chargement"},"content":{"rendered":"<p><strong><span style=\"color: #008000;\">L\u00e9gal :\u00a0<\/span><\/strong><\/p>\n<p><a href=\"https:\/\/eur-lex.europa.eu\/legal-content\/FR\/TXT\/HTML\/?uri=CELEX:32016R0679&amp;from=EN\" target=\"_blank\" rel=\"noopener noreferrer\">-T\u00e9l\u00e9charger le RGPD<\/a><\/p>\n<p><span style=\"color: #339966;\"><strong>Organisations :<\/strong>\u00a0<\/span><\/p>\n<p>&nbsp;<\/p>\n<p><span style=\"color: #339966;\"><strong>Formulaires de demande :<\/strong><\/span><\/p>\n<ul>\n<li><a href=\"https:\/\/cacbelgrade.be\/wp-content\/uploads\/2023\/01\/catalogue-materiel.pdf\" target=\"_blank\" rel=\"noopener\"><span style=\"color: #000000;\">T\u00e9l\u00e9charger le catalogue du pr\u00eat mat\u00e9riel.<\/span><\/a><\/li>\n<li><a href=\"https:\/\/cacbelgrade.be\/wp-content\/uploads\/2023\/01\/materiel-communal-formulaire-de-reservation.pdf\" target=\"_blank\" rel=\"noopener\"><span style=\"color: #000000;\">T\u00e9l\u00e9charger le formulaire de r\u00e9servation de mat\u00e9riel.<\/span><\/a><\/li>\n<li><a href=\"https:\/\/cacbelgrade.be\/wp-content\/uploads\/2023\/01\/pret-de-materiel-communal-tarif-locatif-2020-2025.pdf\" target=\"_blank\" rel=\"noopener\"><span style=\"color: #000000;\">T\u00e9l\u00e9charger le tarif de location de mat\u00e9riel.<\/span><\/a><\/li>\n<li><a href=\"https:\/\/namur-formulaires.guichet-citoyen.be\/domaine-public-securite\/formulaire-de-demande-d-autorisation-d-occupation-de-l-espace-public\/\" target=\"_blank\" rel=\"noopener\"><span style=\"color: #000000;\">Formulaire en ligne d&rsquo;occupation de l&rsquo;espace public.<\/span><\/a><\/li>\n<li><a href=\"https:\/\/cacbelgrade.be\/wp-content\/uploads\/2024\/08\/demande-patente-boissons.pdf\" target=\"_blank\" rel=\"noopener\">Formulaire de demande de patente alcool<\/a><\/li>\n<\/ul>\n<p><strong><span style=\"color: #339966;\">Affiches,R\u00e8glements, &amp; Programmes :<\/span><\/strong><\/p>\n<ul>\n<li><a href=\"https:\/\/cacbelgrade.be\/wp-content\/uploads\/2023\/10\/Markt_2018_FR_05-11-2019_web.pdf\" target=\"_blank\" rel=\"noopener\">R\u00e9glement de l&rsquo;AFSCA<\/a><\/li>\n<\/ul>\n<p>&nbsp;<\/p>\n<p>&nbsp;<\/p>\n<p>&nbsp;<\/p>\n<p>&nbsp;<\/p>\n<p>&nbsp;<\/p>\n<p>&nbsp;<\/p>\n<p>&nbsp;<\/p>\n<p>&nbsp;<\/p>\n","protected":false},"excerpt":{"rendered":"<p>L\u00e9gal :\u00a0 -T\u00e9l\u00e9charger le RGPD Organisations :\u00a0 &nbsp; Formulaires de demande : T\u00e9l\u00e9charger le catalogue du pr\u00eat mat\u00e9riel. T\u00e9l\u00e9charger le formulaire de r\u00e9servation de mat\u00e9riel. T\u00e9l\u00e9charger le tarif de location de mat\u00e9riel. Formulaire en ligne d&rsquo;occupation de l&rsquo;espace public. Formulaire &hellip; <a href=\"https:\/\/cacbelgrade.be\/index.php\/telechargement\/\">Continuer la lecture <span class=\"meta-nav\">&rarr;<\/span><\/a><\/p>\n","protected":false},"author":1,"featured_media":0,"parent":0,"menu_order":6,"comment_status":"closed","ping_status":"closed","template":"onecolumn-page.php","meta":{"jetpack_post_was_ever_published":false,"footnotes":""},"class_list":["post-357","page","type-page","status-publish","hentry"],"jetpack_sharing_enabled":false,"jetpack_shortlink":"https:\/\/wp.me\/P9lq1t-5L","jetpack_likes_enabled":false,"jetpack-related-posts":[],"_links":{"self":[{"href":"https:\/\/cacbelgrade.be\/index.php\/wp-json\/wp\/v2\/pages\/357","targetHints":{"allow":["GET"]}}],"collection":[{"href":"https:\/\/cacbelgrade.be\/index.php\/wp-json\/wp\/v2\/pages"}],"about":[{"href":"https:\/\/cacbelgrade.be\/index.php\/wp-json\/wp\/v2\/types\/page"}],"author":[{"embeddable":true,"href":"https:\/\/cacbelgrade.be\/index.php\/wp-json\/wp\/v2\/users\/1"}],"replies":[{"embeddable":true,"href":"https:\/\/cacbelgrade.be\/index.php\/wp-json\/wp\/v2\/comments?post=357"}],"version-history":[{"count":112,"href":"https:\/\/cacbelgrade.be\/index.php\/wp-json\/wp\/v2\/pages\/357\/revisions"}],"predecessor-version":[{"id":4400,"href":"https:\/\/cacbelgrade.be\/index.php\/wp-json\/wp\/v2\/pages\/357\/revisions\/4400"}],"wp:attachment":[{"href":"https:\/\/cacbelgrade.be\/index.php\/wp-json\/wp\/v2\/media?parent=357"}],"curies":[{"name":"wp","href":"https:\/\/api.w.org\/{rel}","templated":true}]}}