{"id":4291,"date":"2025-08-24T13:41:05","date_gmt":"2025-08-24T11:41:05","guid":{"rendered":"https:\/\/cacbelgrade.be\/?page_id=4291"},"modified":"2026-04-23T14:13:00","modified_gmt":"2026-04-23T12:13:00","slug":"repas-benevoles-boverie","status":"publish","type":"page","link":"https:\/\/cacbelgrade.be\/index.php\/benevoles\/repas-benevoles-boverie\/","title":{"rendered":"BBQ b\u00e9n\u00e9voles Pav\u00e9e 2026"},"content":{"rendered":"","protected":true},"excerpt":{"rendered":"","protected":true},"author":1,"featured_media":0,"parent":1334,"menu_order":2,"comment_status":"closed","ping_status":"closed","template":"onecolumn-page.php","meta":{"jetpack_post_was_ever_published":true,"footnotes":""},"class_list":["post-4291","page","type-page","status-publish","post-password-required","hentry"],"jetpack_sharing_enabled":false,"jetpack_shortlink":"https:\/\/wp.me\/P9lq1t-17d","jetpack_likes_enabled":false,"jetpack-related-posts":[],"_links":{"self":[{"href":"https:\/\/cacbelgrade.be\/index.php\/wp-json\/wp\/v2\/pages\/4291","targetHints":{"allow":["GET"]}}],"collection":[{"href":"https:\/\/cacbelgrade.be\/index.php\/wp-json\/wp\/v2\/pages"}],"about":[{"href":"https:\/\/cacbelgrade.be\/index.php\/wp-json\/wp\/v2\/types\/page"}],"author":[{"embeddable":true,"href":"https:\/\/cacbelgrade.be\/index.php\/wp-json\/wp\/v2\/users\/1"}],"replies":[{"embeddable":true,"href":"https:\/\/cacbelgrade.be\/index.php\/wp-json\/wp\/v2\/comments?post=4291"}],"version-history":[{"count":3,"href":"https:\/\/cacbelgrade.be\/index.php\/wp-json\/wp\/v2\/pages\/4291\/revisions"}],"predecessor-version":[{"id":4979,"href":"https:\/\/cacbelgrade.be\/index.php\/wp-json\/wp\/v2\/pages\/4291\/revisions\/4979"}],"up":[{"embeddable":true,"href":"https:\/\/cacbelgrade.be\/index.php\/wp-json\/wp\/v2\/pages\/1334"}],"wp:attachment":[{"href":"https:\/\/cacbelgrade.be\/index.php\/wp-json\/wp\/v2\/media?parent=4291"}],"curies":[{"name":"wp","href":"https:\/\/api.w.org\/{rel}","templated":true}]}}