{"id":4409,"date":"2025-09-23T05:39:28","date_gmt":"2025-09-23T03:39:28","guid":{"rendered":"https:\/\/cacbelgrade.be\/?page_id=4409"},"modified":"2025-09-23T05:40:06","modified_gmt":"2025-09-23T03:40:06","slug":"pubs","status":"publish","type":"page","link":"https:\/\/cacbelgrade.be\/index.php\/animations\/pubs\/","title":{"rendered":"PUBS"},"content":{"rendered":"\n<div class=\"wpcf7 no-js\" id=\"wpcf7-f4408-o1\" lang=\"fr-FR\" dir=\"ltr\" data-wpcf7-id=\"4408\">\n<div class=\"screen-reader-response\"><p role=\"status\" aria-live=\"polite\" aria-atomic=\"true\"><\/p> <ul><\/ul><\/div>\n<form action=\"\/index.php\/wp-json\/wp\/v2\/pages\/4409#wpcf7-f4408-o1\" method=\"post\" class=\"wpcf7-form init\" aria-label=\"Formulaire de contact\" enctype=\"multipart\/form-data\" novalidate=\"novalidate\" data-status=\"init\">\n<fieldset class=\"hidden-fields-container\"><input type=\"hidden\" name=\"_wpcf7\" value=\"4408\" \/><input type=\"hidden\" name=\"_wpcf7_version\" value=\"6.1.5\" \/><input type=\"hidden\" name=\"_wpcf7_locale\" value=\"fr_FR\" \/><input type=\"hidden\" name=\"_wpcf7_unit_tag\" value=\"wpcf7-f4408-o1\" \/><input type=\"hidden\" name=\"_wpcf7_container_post\" value=\"0\" \/><input type=\"hidden\" name=\"_wpcf7_posted_data_hash\" value=\"\" \/><input type=\"hidden\" name=\"_wpcf7cf_hidden_group_fields\" value=\"[]\" \/><input type=\"hidden\" name=\"_wpcf7cf_hidden_groups\" value=\"[]\" \/><input type=\"hidden\" name=\"_wpcf7cf_visible_groups\" value=\"[]\" \/><input type=\"hidden\" name=\"_wpcf7cf_repeaters\" value=\"[]\" \/><input type=\"hidden\" name=\"_wpcf7cf_steps\" value=\"{}\" \/><input type=\"hidden\" name=\"_wpcf7cf_options\" value=\"{&quot;form_id&quot;:4408,&quot;conditions&quot;:[{&quot;then_field&quot;:&quot;group-S&quot;,&quot;and_rules&quot;:[{&quot;if_field&quot;:&quot;checkbox-600&quot;,&quot;operator&quot;:&quot;equals&quot;,&quot;if_value&quot;:&quot;Petit espace S (soit 1\\\/2 Carte Bancaire)&quot;}]},{&quot;then_field&quot;:&quot;group-M&quot;,&quot;and_rules&quot;:[{&quot;if_field&quot;:&quot;checkbox-600&quot;,&quot;operator&quot;:&quot;equals&quot;,&quot;if_value&quot;:&quot;Moyen espace M (soit 1 CB)&quot;}]},{&quot;then_field&quot;:&quot;group-L&quot;,&quot;and_rules&quot;:[{&quot;if_field&quot;:&quot;checkbox-600&quot;,&quot;operator&quot;:&quot;equals&quot;,&quot;if_value&quot;:&quot;Grand espace L (soit 2 CB)&quot;}]}],&quot;settings&quot;:{&quot;animation&quot;:&quot;yes&quot;,&quot;animation_intime&quot;:200,&quot;animation_outtime&quot;:200,&quot;conditions_ui&quot;:&quot;normal&quot;,&quot;notice_dismissed&quot;:false,&quot;repeater_remove_button&quot;:&quot;bottom&quot;,&quot;notice_dismissed_rollback-cf7-5.7.5.1&quot;:true,&quot;notice_dismissed_rollback-cf7-5.8.3&quot;:true,&quot;notice_dismissed_rollback-cf7-5.9.2&quot;:true,&quot;notice_dismissed_rollback-cf7-5.9.3&quot;:true}}\" \/>\n<\/fieldset>\n<p><label> Votre nom ou celui de votre soci\u00e9t\u00e9<br \/>\n<span class=\"wpcf7-form-control-wrap\" data-name=\"your-name\"><input size=\"40\" maxlength=\"400\" class=\"wpcf7-form-control wpcf7-text wpcf7-validates-as-required\" autocomplete=\"name\" aria-required=\"true\" aria-invalid=\"false\" value=\"\" type=\"text\" name=\"your-name\" \/><\/span><br \/>\n<\/label>\n<\/p>\n<p><label> Votre e-mail ou celui de votre soci\u00e9t\u00e9<br \/>\n<span class=\"wpcf7-form-control-wrap\" data-name=\"your-email\"><input size=\"40\" maxlength=\"400\" class=\"wpcf7-form-control wpcf7-email wpcf7-validates-as-required wpcf7-text wpcf7-validates-as-email\" autocomplete=\"email\" aria-required=\"true\" aria-invalid=\"false\" value=\"\" type=\"email\" name=\"your-email\" \/><\/span><br \/>\n<\/label>\n<\/p>\n<p><label>Votre T\u00e9l\/GSM<br \/>\n<span class=\"wpcf7-form-control-wrap\" data-name=\"tel-190\"><input size=\"40\" maxlength=\"400\" class=\"wpcf7-form-control wpcf7-tel wpcf7-validates-as-required wpcf7-text wpcf7-validates-as-tel\" autocomplete=\"tel\" aria-required=\"true\" aria-invalid=\"false\" value=\"\" type=\"tel\" name=\"tel-190\" \/><\/span><br \/>\n<\/label>\n<\/p>\n<p><label>Votre N\u00b0 de TVA ou de BCE<br \/>\n<span class=\"wpcf7-form-control-wrap\" data-name=\"tva-200\"><input size=\"40\" maxlength=\"400\" class=\"wpcf7-form-control wpcf7-text wpcf7-validates-as-required\" aria-required=\"true\" aria-invalid=\"false\" value=\"\" type=\"text\" name=\"tva-200\" \/><\/span><br \/>\n<\/label>\n<\/p>\n<p>Souhaite r\u00e9server un ou des espace(s) publicitaire(s) sur les toutesbo\u00eetes du CAC Belgrade :\n<\/p>\n<p>Je choisis :\n<\/p>\n<p><span class=\"wpcf7-form-control-wrap\" data-name=\"checkbox-600\"><span class=\"wpcf7-form-control wpcf7-checkbox wpcf7-validates-as-required wpcf7-exclusive-checkbox\"><span class=\"wpcf7-list-item first\"><label><input type=\"checkbox\" name=\"checkbox-600\" value=\"Petit espace S (soit 1\/2 Carte Bancaire)\" \/><span class=\"wpcf7-list-item-label\">Petit espace S (soit 1\/2 Carte Bancaire)<\/span><\/label><\/span><span class=\"wpcf7-list-item\"><label><input type=\"checkbox\" name=\"checkbox-600\" value=\"Moyen espace M (soit 1 CB)\" \/><span class=\"wpcf7-list-item-label\">Moyen espace M (soit 1 CB)<\/span><\/label><\/span><span class=\"wpcf7-list-item last\"><label><input type=\"checkbox\" name=\"checkbox-600\" value=\"Grand espace L (soit 2 CB)\" \/><span class=\"wpcf7-list-item-label\">Grand espace L (soit 2 CB)<\/span><\/label><\/span><\/span><\/span>\n<\/p>\n<div data-id=\"group-S\" data-orig_data_id=\"group-S\"  class=\"\" data-class=\"wpcf7cf_group\">\n\t<p>Fr\u00e9quence souhait\u00e9e (un seul choix) ?\n\t<\/p>\n\t<p><span class=\"wpcf7-form-control-wrap\" data-name=\"checkbox-610\"><span class=\"wpcf7-form-control wpcf7-checkbox wpcf7-validates-as-required wpcf7-exclusive-checkbox\"><span class=\"wpcf7-list-item first\"><input type=\"checkbox\" name=\"checkbox-610\" value=\"1 X\/an pour 30 \u20ac TTC\" \/><span class=\"wpcf7-list-item-label\">1 X\/an pour 30 \u20ac TTC<\/span><\/span><span class=\"wpcf7-list-item\"><input type=\"checkbox\" name=\"checkbox-610\" value=\"2 X\/an pour 55 \u20ac TTC\" \/><span class=\"wpcf7-list-item-label\">2 X\/an pour 55 \u20ac TTC<\/span><\/span><span class=\"wpcf7-list-item\"><input type=\"checkbox\" name=\"checkbox-610\" value=\"3 X\/an pour 80 \u20ac TTC\" \/><span class=\"wpcf7-list-item-label\">3 X\/an pour 80 \u20ac TTC<\/span><\/span><span class=\"wpcf7-list-item last\"><input type=\"checkbox\" name=\"checkbox-610\" value=\"4 X\/an pour 105 \u20ac TTC\" \/><span class=\"wpcf7-list-item-label\">4 X\/an pour 105 \u20ac TTC<\/span><\/span><\/span><\/span>\n\t<\/p>\n<\/div>\n<div data-id=\"group-M\" data-orig_data_id=\"group-M\"  class=\"\" data-class=\"wpcf7cf_group\">\n\t<p>Fr\u00e9quence souhait\u00e9e (un seul choix) ?\n\t<\/p>\n\t<p><span class=\"wpcf7-form-control-wrap\" data-name=\"checkbox-610\"><span class=\"wpcf7-form-control wpcf7-checkbox wpcf7-validates-as-required wpcf7-exclusive-checkbox\"><span class=\"wpcf7-list-item first\"><input type=\"checkbox\" name=\"checkbox-610\" value=\"1 X\/an pour 50 \u20ac TTC\" \/><span class=\"wpcf7-list-item-label\">1 X\/an pour 50 \u20ac TTC<\/span><\/span><span class=\"wpcf7-list-item\"><input type=\"checkbox\" name=\"checkbox-610\" value=\"2 X\/an pour 95 \u20ac TTC\" \/><span class=\"wpcf7-list-item-label\">2 X\/an pour 95 \u20ac TTC<\/span><\/span><span class=\"wpcf7-list-item\"><input type=\"checkbox\" name=\"checkbox-610\" value=\"3 X\/an pour 140 \u20ac TTC\" \/><span class=\"wpcf7-list-item-label\">3 X\/an pour 140 \u20ac TTC<\/span><\/span><span class=\"wpcf7-list-item last\"><input type=\"checkbox\" name=\"checkbox-610\" value=\"4 X\/an pour 185 \u20ac TTC\" \/><span class=\"wpcf7-list-item-label\">4 X\/an pour 185 \u20ac TTC<\/span><\/span><\/span><\/span>\n\t<\/p>\n<\/div>\n<div data-id=\"group-L\" data-orig_data_id=\"group-L\"  class=\"\" data-class=\"wpcf7cf_group\">\n\t<p>Fr\u00e9quence souhait\u00e9e (un seul choix) ?\n\t<\/p>\n\t<p><span class=\"wpcf7-form-control-wrap\" data-name=\"checkbox-610\"><span class=\"wpcf7-form-control wpcf7-checkbox wpcf7-validates-as-required wpcf7-exclusive-checkbox\"><span class=\"wpcf7-list-item first\"><input type=\"checkbox\" name=\"checkbox-610\" value=\"1 X\/an pour 85 \u20ac TTC\" \/><span class=\"wpcf7-list-item-label\">1 X\/an pour 85 \u20ac TTC<\/span><\/span><span class=\"wpcf7-list-item\"><input type=\"checkbox\" name=\"checkbox-610\" value=\"2 X\/an pour 160 \u20ac TTC\" \/><span class=\"wpcf7-list-item-label\">2 X\/an pour 160 \u20ac TTC<\/span><\/span><span class=\"wpcf7-list-item\"><input type=\"checkbox\" name=\"checkbox-610\" value=\"3 X\/an pour 235\u20ac TTC\" \/><span class=\"wpcf7-list-item-label\">3 X\/an pour 235\u20ac TTC<\/span><\/span><span class=\"wpcf7-list-item last\"><input type=\"checkbox\" name=\"checkbox-610\" value=\"4 X\/an pour 300 \u20ac TTC\" \/><span class=\"wpcf7-list-item-label\">4 X\/an pour 300 \u20ac TTC<\/span><\/span><\/span><\/span>\n\t<\/p>\n<\/div>\n<p>Publication souhait\u00e9e (plusieurs choix possible) :\n<\/p>\n<p><span class=\"wpcf7-form-control-wrap\" data-name=\"checkbox-650\"><span class=\"wpcf7-form-control wpcf7-checkbox wpcf7-validates-as-required\"><span class=\"wpcf7-list-item first\"><input type=\"checkbox\" name=\"checkbox-650[]\" value=\"Programme de la Dicauce del Pav\u00e9e (2e WE de mai)\" \/><span class=\"wpcf7-list-item-label\">Programme de la Dicauce del Pav\u00e9e (2e WE de mai)<\/span><\/span><span class=\"wpcf7-list-item\"><input type=\"checkbox\" name=\"checkbox-650[]\" value=\"Programme de la Dicauce del Boverie (1er WE septembre)\" \/><span class=\"wpcf7-list-item-label\">Programme de la Dicauce del Boverie (1er WE septembre)<\/span><\/span><span class=\"wpcf7-list-item\"><input type=\"checkbox\" name=\"checkbox-650[]\" value=\"Programme d&#039;Halloween (31 octobre)\" \/><span class=\"wpcf7-list-item-label\">Programme d&#039;Halloween (31 octobre)<\/span><\/span><span class=\"wpcf7-list-item last\"><input type=\"checkbox\" name=\"checkbox-650[]\" value=\"Programme du March\u00e9 de No\u00ebl (mi d\u00e9cembre)\" \/><span class=\"wpcf7-list-item-label\">Programme du March\u00e9 de No\u00ebl (mi d\u00e9cembre)<\/span><\/span><\/span><\/span>\n<\/p>\n<p><label> Votre message ou souhait \u00e9ventuel (facultatif)<br \/>\n<span class=\"wpcf7-form-control-wrap\" data-name=\"your-message\"><textarea cols=\"40\" rows=\"10\" maxlength=\"2000\" class=\"wpcf7-form-control wpcf7-textarea\" aria-invalid=\"false\" name=\"your-message\"><\/textarea><\/span><br \/>\n<\/label>\n<\/p>\n<p><span class=\"wpcf7-form-control-wrap\" data-name=\"file-993\"><input size=\"40\" class=\"wpcf7-form-control wpcf7-file\" accept=\"audio\/*,video\/*,image\/*\" aria-invalid=\"false\" type=\"file\" name=\"file-993\" \/><\/span>\n<\/p>\n<p><input class=\"wpcf7-form-control wpcf7-submit has-spinner\" type=\"submit\" value=\"Envoyer\" \/>\n<\/p><div class=\"wpcf7-response-output\" aria-hidden=\"true\"><\/div>\n<\/form>\n<\/div>\n\n","protected":false},"excerpt":{"rendered":"","protected":false},"author":1,"featured_media":0,"parent":2984,"menu_order":6,"comment_status":"closed","ping_status":"closed","template":"onecolumn-page.php","meta":{"jetpack_post_was_ever_published":false,"footnotes":""},"class_list":["post-4409","page","type-page","status-publish","hentry"],"jetpack_sharing_enabled":false,"jetpack_shortlink":"https:\/\/wp.me\/P9lq1t-197","jetpack_likes_enabled":false,"jetpack-related-posts":[],"_links":{"self":[{"href":"https:\/\/cacbelgrade.be\/index.php\/wp-json\/wp\/v2\/pages\/4409","targetHints":{"allow":["GET"]}}],"collection":[{"href":"https:\/\/cacbelgrade.be\/index.php\/wp-json\/wp\/v2\/pages"}],"about":[{"href":"https:\/\/cacbelgrade.be\/index.php\/wp-json\/wp\/v2\/types\/page"}],"author":[{"embeddable":true,"href":"https:\/\/cacbelgrade.be\/index.php\/wp-json\/wp\/v2\/users\/1"}],"replies":[{"embeddable":true,"href":"https:\/\/cacbelgrade.be\/index.php\/wp-json\/wp\/v2\/comments?post=4409"}],"version-history":[{"count":2,"href":"https:\/\/cacbelgrade.be\/index.php\/wp-json\/wp\/v2\/pages\/4409\/revisions"}],"predecessor-version":[{"id":4411,"href":"https:\/\/cacbelgrade.be\/index.php\/wp-json\/wp\/v2\/pages\/4409\/revisions\/4411"}],"up":[{"embeddable":true,"href":"https:\/\/cacbelgrade.be\/index.php\/wp-json\/wp\/v2\/pages\/2984"}],"wp:attachment":[{"href":"https:\/\/cacbelgrade.be\/index.php\/wp-json\/wp\/v2\/media?parent=4409"}],"curies":[{"name":"wp","href":"https:\/\/api.w.org\/{rel}","templated":true}]}}