{"id":4946,"date":"2026-03-08T08:33:30","date_gmt":"2026-03-08T07:33:30","guid":{"rendered":"https:\/\/cacbelgrade.be\/?page_id=4946"},"modified":"2026-04-03T06:15:21","modified_gmt":"2026-04-03T04:15:21","slug":"projet-pour-le-budget-participatif","status":"publish","type":"page","link":"https:\/\/cacbelgrade.be\/index.php\/projet-pour-le-budget-participatif\/","title":{"rendered":"Projet pour le Budget Participatif"},"content":{"rendered":"<h2><img data-recalc-dims=\"1\" loading=\"lazy\" decoding=\"async\" data-attachment-id=\"4952\" data-permalink=\"https:\/\/cacbelgrade.be\/index.php\/projet-pour-le-budget-participatif\/logo\/\" data-orig-file=\"https:\/\/i0.wp.com\/cacbelgrade.be\/wp-content\/uploads\/2026\/03\/logo.png?fit=1536%2C1024&amp;ssl=1\" data-orig-size=\"1536,1024\" data-comments-opened=\"1\" data-image-meta=\"{&quot;aperture&quot;:&quot;0&quot;,&quot;credit&quot;:&quot;&quot;,&quot;camera&quot;:&quot;&quot;,&quot;caption&quot;:&quot;&quot;,&quot;created_timestamp&quot;:&quot;0&quot;,&quot;copyright&quot;:&quot;&quot;,&quot;focal_length&quot;:&quot;0&quot;,&quot;iso&quot;:&quot;0&quot;,&quot;shutter_speed&quot;:&quot;0&quot;,&quot;title&quot;:&quot;&quot;,&quot;orientation&quot;:&quot;0&quot;}\" data-image-title=\"logo\" data-image-description=\"\" data-image-caption=\"\" data-large-file=\"https:\/\/i0.wp.com\/cacbelgrade.be\/wp-content\/uploads\/2026\/03\/logo.png?fit=640%2C427&amp;ssl=1\" class=\"alignnone size-medium wp-image-4952 aligncenter\" src=\"https:\/\/i0.wp.com\/cacbelgrade.be\/wp-content\/uploads\/2026\/03\/logo.png?resize=300%2C200&#038;ssl=1\" alt=\"\" width=\"300\" height=\"200\" srcset=\"https:\/\/i0.wp.com\/cacbelgrade.be\/wp-content\/uploads\/2026\/03\/logo.png?resize=300%2C200&amp;ssl=1 300w, https:\/\/i0.wp.com\/cacbelgrade.be\/wp-content\/uploads\/2026\/03\/logo.png?resize=1024%2C683&amp;ssl=1 1024w, https:\/\/i0.wp.com\/cacbelgrade.be\/wp-content\/uploads\/2026\/03\/logo.png?resize=768%2C512&amp;ssl=1 768w, https:\/\/i0.wp.com\/cacbelgrade.be\/wp-content\/uploads\/2026\/03\/logo.png?w=1536&amp;ssl=1 1536w, https:\/\/i0.wp.com\/cacbelgrade.be\/wp-content\/uploads\/2026\/03\/logo.png?w=1280&amp;ssl=1 1280w\" sizes=\"auto, (max-width: 300px) 100vw, 300px\" \/><\/h2>\n<h2 style=\"text-align: justify;\">Le projet <strong data-start=\"10\" data-end=\"42\">\u00ab Belgrade : pas d&rsquo;associations sans chapiteau \u00bb<\/strong> vise l\u2019acquisition de chapiteaux modulables destin\u00e9s \u00e0 accueillir les nombreuses activit\u00e9s culturelles, festives et citoyennes du village.<\/h2>\n<h2 style=\"text-align: justify;\">Port\u00e9 par <strong data-start=\"192\" data-end=\"210\">Le CAC Belgrade<\/strong>, qui fait partie de la <strong>vingtaine d&rsquo;associations locales <\/strong>que rassemble<strong data-start=\"226\" data-end=\"253\"> l&rsquo;asbl La Belgradoise<\/strong>, ce projet permettra de disposer d\u2019un espace couvert partag\u00e9 pour organiser des \u00e9v\u00e9nements tout au long de l\u2019ann\u00e9e.<\/h2>\n<h2 style=\"text-align: justify;\">Les chapiteaux favoriseront la coop\u00e9ration entre les associations et faciliteront l\u2019organisation d\u2019activit\u00e9s ouvertes \u00e0 tous les habitants. Ils contribueront \u00e0 renforcer les <strong data-start=\"544\" data-end=\"573\">liens interg\u00e9n\u00e9rationnels<\/strong>, la participation citoyenne et la convivialit\u00e9 villageoise.<\/h2>\n<h2 style=\"text-align: justify;\">Le projet soutient \u00e9galement l\u2019<strong data-start=\"665\" data-end=\"709\">inclusion des personnes plus fragilis\u00e9es<\/strong> gr\u00e2ce \u00e0 des infrastructures accessibles. En mutualisant cet \u00e9quipement, les associations pourront p\u00e9renniser leurs manifestations et d\u00e9velopper de nouvelles initiatives. Les chapiteaux deviendront un lieu de rencontre, d\u2019\u00e9change et de transmission des traditions locales. Ils permettront de s\u00e9curiser les \u00e9v\u00e9nements face aux al\u00e9as climatiques.<\/h2>\n<h2 style=\"text-align: justify;\">Ce projet repr\u00e9sente un <strong data-start=\"1078\" data-end=\"1162\">investissement durable pour la vie associative et la coh\u00e9sion sociale du village<\/strong>.<\/h2>\n<h2 style=\"text-align: justify;\"><strong data-start=\"1164\" data-end=\"1240\">Sous les chapiteaux, la culture se rencontre et le village se rassemble.<\/strong><\/h2>\n<h1 style=\"text-align: center;\"><span style=\"color: #ff0000;\"><strong>Pour VOTER pour ce PROJET ?<\/strong><\/span><\/h1>\n<h2 style=\"text-align: justify;\">Le vote se d\u00e9roulera entre +ou- le 15 mai et le 15 juin 2026.<\/h2>\n<h2 style=\"text-align: justify;\"><span style=\"color: #000000;\">Le vote se d\u00e9roulera de diff\u00e9rentes mani\u00e8res\u00a0: <strong>vote papier<\/strong> dans diff\u00e9rents lieux de la commune, sur l\u2019<strong>e-guichet<\/strong> et par <strong>t\u00e9l\u00e9phone<\/strong>.<\/span><\/h2>\n<h2 style=\"text-align: justify;\"><span style=\"color: #000000;\">Pour voter, les citoyennes et les citoyens devront r\u00e9pondre aux conditions suivantes\u00a0:<\/span><\/h2>\n<ul>\n<li>\n<h3><span style=\"color: #000000;\">\u00catre domicili\u00e9s dans la commune<\/span><\/h3>\n<\/li>\n<li>\n<h3><span style=\"color: #000000;\">Avoir + de 16 ans<\/span><\/h3>\n<\/li>\n<\/ul>\n<h2 style=\"text-align: justify;\"><span style=\"color: #000000;\">Ils ne pourront introduire qu\u2019<strong>un bulletin<\/strong> de vote mais ils auront la possibilit\u00e9 de soutenir <strong>plusieurs projets<\/strong>.<\/span><\/h2>\n<h2 style=\"text-align: justify;\"><span style=\"color: #000000;\"><strong>Pour voter<\/strong>, les citoyennes et les citoyens devront <strong>communiquer<\/strong> leur <strong>num\u00e9ro de registre national (<\/strong>inscrit sur la C.I.)<\/span><\/h2>\n","protected":false},"excerpt":{"rendered":"<p>Le projet \u00ab Belgrade : pas d&rsquo;associations sans chapiteau \u00bb vise l\u2019acquisition de chapiteaux modulables destin\u00e9s \u00e0 accueillir les nombreuses activit\u00e9s culturelles, festives et citoyennes du village. Port\u00e9 par Le CAC Belgrade, qui fait partie de la vingtaine d&rsquo;associations locales &hellip; <a href=\"https:\/\/cacbelgrade.be\/index.php\/projet-pour-le-budget-participatif\/\">Continuer la lecture <span class=\"meta-nav\">&rarr;<\/span><\/a><\/p>\n","protected":false},"author":1,"featured_media":0,"parent":0,"menu_order":1,"comment_status":"closed","ping_status":"closed","template":"onecolumn-page.php","meta":{"jetpack_post_was_ever_published":false,"footnotes":""},"class_list":["post-4946","page","type-page","status-publish","hentry"],"jetpack_sharing_enabled":false,"jetpack_shortlink":"https:\/\/wp.me\/P9lq1t-1hM","jetpack_likes_enabled":false,"jetpack-related-posts":[],"_links":{"self":[{"href":"https:\/\/cacbelgrade.be\/index.php\/wp-json\/wp\/v2\/pages\/4946","targetHints":{"allow":["GET"]}}],"collection":[{"href":"https:\/\/cacbelgrade.be\/index.php\/wp-json\/wp\/v2\/pages"}],"about":[{"href":"https:\/\/cacbelgrade.be\/index.php\/wp-json\/wp\/v2\/types\/page"}],"author":[{"embeddable":true,"href":"https:\/\/cacbelgrade.be\/index.php\/wp-json\/wp\/v2\/users\/1"}],"replies":[{"embeddable":true,"href":"https:\/\/cacbelgrade.be\/index.php\/wp-json\/wp\/v2\/comments?post=4946"}],"version-history":[{"count":11,"href":"https:\/\/cacbelgrade.be\/index.php\/wp-json\/wp\/v2\/pages\/4946\/revisions"}],"predecessor-version":[{"id":4964,"href":"https:\/\/cacbelgrade.be\/index.php\/wp-json\/wp\/v2\/pages\/4946\/revisions\/4964"}],"wp:attachment":[{"href":"https:\/\/cacbelgrade.be\/index.php\/wp-json\/wp\/v2\/media?parent=4946"}],"curies":[{"name":"wp","href":"https:\/\/api.w.org\/{rel}","templated":true}]}}