{"id":87,"date":"2017-11-19T17:50:48","date_gmt":"2017-11-19T16:50:48","guid":{"rendered":"http:\/\/cacbelgrade.be\/?page_id=87"},"modified":"2026-04-17T07:24:21","modified_gmt":"2026-04-17T05:24:21","slug":"accueil","status":"publish","type":"page","link":"https:\/\/cacbelgrade.be\/","title":{"rendered":"Accueil"},"content":{"rendered":"\r\n<h3 class=\"wp-block-heading\" style=\"text-align: center;\"><span style=\"color: #808080;\"><em>Nous sommes le 5 Mai 2026, Il est <span class=\"hmclock\" data-offset=\"2\">14:15<\/span>.<\/em><\/span><\/h3>\r\n<h2 style=\"text-align: center;\"><span style=\"color: #808080;\"><em>Prochaines animations<\/em><\/span><\/h2>\r\n<p><a href=\"https:\/\/cacbelgrade.be\/index.php\/projet-pour-le-budget-participatif\/\" target=\"_blank\" rel=\"noopener\"><img data-recalc-dims=\"1\" loading=\"lazy\" decoding=\"async\" data-attachment-id=\"4954\" data-permalink=\"https:\/\/cacbelgrade.be\/index.php\/accueil\/chatgpt-image-12-mars-2026-08_50_11\/\" data-orig-file=\"https:\/\/i0.wp.com\/cacbelgrade.be\/wp-content\/uploads\/2026\/03\/ChatGPT-Image-12-mars-2026-08_50_11.png?fit=926%2C1413&amp;ssl=1\" data-orig-size=\"926,1413\" data-comments-opened=\"1\" data-image-meta=\"{&quot;aperture&quot;:&quot;0&quot;,&quot;credit&quot;:&quot;&quot;,&quot;camera&quot;:&quot;&quot;,&quot;caption&quot;:&quot;&quot;,&quot;created_timestamp&quot;:&quot;0&quot;,&quot;copyright&quot;:&quot;&quot;,&quot;focal_length&quot;:&quot;0&quot;,&quot;iso&quot;:&quot;0&quot;,&quot;shutter_speed&quot;:&quot;0&quot;,&quot;title&quot;:&quot;&quot;,&quot;orientation&quot;:&quot;0&quot;}\" data-image-title=\"ChatGPT Image 12 mars 2026, 08_50_11\" data-image-description=\"\" data-image-caption=\"\" data-large-file=\"https:\/\/i0.wp.com\/cacbelgrade.be\/wp-content\/uploads\/2026\/03\/ChatGPT-Image-12-mars-2026-08_50_11.png?fit=640%2C977&amp;ssl=1\" class=\"alignnone size-medium wp-image-4954 aligncenter\" src=\"https:\/\/i0.wp.com\/cacbelgrade.be\/wp-content\/uploads\/2026\/03\/ChatGPT-Image-12-mars-2026-08_50_11.png?resize=197%2C300&#038;ssl=1\" alt=\"\" width=\"197\" height=\"300\" srcset=\"https:\/\/i0.wp.com\/cacbelgrade.be\/wp-content\/uploads\/2026\/03\/ChatGPT-Image-12-mars-2026-08_50_11.png?resize=197%2C300&amp;ssl=1 197w, https:\/\/i0.wp.com\/cacbelgrade.be\/wp-content\/uploads\/2026\/03\/ChatGPT-Image-12-mars-2026-08_50_11.png?resize=671%2C1024&amp;ssl=1 671w, https:\/\/i0.wp.com\/cacbelgrade.be\/wp-content\/uploads\/2026\/03\/ChatGPT-Image-12-mars-2026-08_50_11.png?resize=768%2C1172&amp;ssl=1 768w, https:\/\/i0.wp.com\/cacbelgrade.be\/wp-content\/uploads\/2026\/03\/ChatGPT-Image-12-mars-2026-08_50_11.png?w=926&amp;ssl=1 926w\" sizes=\"auto, (max-width: 197px) 100vw, 197px\" \/><\/a><\/p>\r\n<!-- ===================== --><!-- 1) DICAUCE DEL PAV\u00c9E --><!-- ===================== -->\r\n<h1 style=\"text-align: center;\"><span style=\"color: #ff0000;\"><strong>DICAUCE DEL PAV\u00c9E 2026<\/strong><\/span><\/h1>\r\n<p class=\"countdown\" style=\"text-align: center; font-style: italic; color: #808080; margin-top: -10px;\" data-dates=\"2026-05-08,2026-05-09,2026-05-10\">\u00a0<\/p>\r\n<h2 style=\"text-align: center;\">Vendredi 08 mai 2026<\/h2>\r\n<h2 style=\"text-align: center;\">Samedi 09 mai 2026<\/h2>\r\n<h2 style=\"text-align: center;\">Dimanche 10 mai 2026<\/h2>\r\n<p style=\"text-align: center;\"><a href=\"https:\/\/cacbelgrade.be\/index.php\/animations\/reservation-assiette-jambon-grille\/\">R\u00e9servation BBQ du comit\u00e9<\/a><\/p>\r\n<p style=\"text-align: center;\">Place do Bia Bouquet<\/p>\r\n<p style=\"text-align: center;\">\u00a7\u00a7\u00a7\u00a7\u00a7\u00a7\u00a7\u00a7\u00a7\u00a7\u00a7\u00a7\u00a7\u00a7\u00a7\u00a7\u00a7\u00a7\u00a7\u00a7\u00a7\u00a7\u00a7\u00a7\u00a7\u00a7\u00a7\u00a7\u00a7\u00a7\u00a7\u00a7\u00a7\u00a7\u00a7\u00a7\u00a7\u00a7\u00a7<\/p>\r\n<!-- ===================== --><!-- 2) EXPO BEL'ART --><!-- ===================== -->\r\n<h1 style=\"text-align: center;\"><span style=\"color: #ff0000;\"><strong>EXPOSITION BEL&rsquo;ART 2026<\/strong><\/span><\/h1>\r\n<p class=\"countdown\" style=\"text-align: center; font-style: italic; color: #808080; margin-top: -10px;\" data-dates=\"2026-04-30,2026-05-01,2026-05-02,2026-05-03\">\u00a0<\/p>\r\n<h2 style=\"text-align: center;\"><strong>Salle St-Joseph &#8211; Belgrade<\/strong><\/h2>\r\n<p style=\"text-align: center;\">avenue Joseph Abras, 21 &#8211; 5001 Belgrade<\/p>\r\n<p style=\"text-align: center;\"><strong><span style=\"text-decoration: underline;\">Vernissage<\/span> : Jeudi 30 avril 2026 \u00e0 19h30 -&gt; 22h00<\/strong><\/p>\r\n<h2 style=\"text-align: center;\">Vendredi 1 mai 2026 de 13h00 \u00e0 19h00<\/h2>\r\n<h2 style=\"text-align: center;\">Samedi 2 mai 2026 de 13h00 \u00e0 19h00<\/h2>\r\n<h2 style=\"text-align: center;\">Dimanche 3 mai 2026 de 13h00 \u00e0 18h00<\/h2>\r\n<p style=\"text-align: center;\"><a href=\"https:\/\/cacbelgrade.be\/index.php\/animations\/inscription-artistes\/\" target=\"_blank\" rel=\"noopener noreferrer\"> Inscription des artistes <\/a><\/p>\r\n<p style=\"text-align: center;\">\u00a7\u00a7\u00a7\u00a7\u00a7\u00a7\u00a7\u00a7\u00a7\u00a7\u00a7\u00a7\u00a7\u00a7\u00a7\u00a7\u00a7\u00a7\u00a7\u00a7\u00a7\u00a7\u00a7\u00a7\u00a7\u00a7\u00a7\u00a7\u00a7\u00a7\u00a7\u00a7\u00a7\u00a7\u00a7\u00a7\u00a7\u00a7\u00a7<\/p>\r\n<!-- ===================== --><!-- 3) DICAUCE DEL BOV'RIE --><!-- ===================== -->\r\n<h1 style=\"text-align: center;\"><span style=\"color: #ff0000;\"><strong>DICAUCE DEL BOV&rsquo;RIE 2026<\/strong><\/span><\/h1>\r\n<h4 style=\"text-align: center;\"><strong> <span style=\"color: #ff00ff;\"> Afin de permettre \u00e0 nos b\u00e9n\u00e9voles de se rendre aux \u00ab\u00a0Solidarit\u00e9s\u00a0\u00bb qui se tiendront les 4, 5 &amp; 6 septembre 2026, la Dicauce del Bov&rsquo;rie se tiendra les : <\/span> <\/strong><\/h4>\r\n<h2 style=\"text-align: center;\">Vendredi 11 septembre 2026<\/h2>\r\n<h2 style=\"text-align: center;\">Samedi 12 septembre 2026<\/h2>\r\n<p style=\"text-align: center;\">Avenue Jean Delhaye.<\/p>\r\n<p style=\"text-align: center;\">\u00a7\u00a7\u00a7\u00a7\u00a7\u00a7\u00a7\u00a7\u00a7\u00a7\u00a7\u00a7\u00a7\u00a7\u00a7\u00a7\u00a7\u00a7\u00a7\u00a7\u00a7\u00a7\u00a7\u00a7\u00a7\u00a7\u00a7\u00a7\u00a7\u00a7\u00a7\u00a7\u00a7\u00a7\u00a7\u00a7\u00a7\u00a7\u00a7<\/p>\r\n<h1 style=\"text-align: center;\"><span style=\"color: #ff0000;\"><strong>HALLOWEEN 2026<\/strong><\/span><\/h1>\r\n<h2 style=\"text-align: center;\">Samedi 31 octobre 2026<\/h2>\r\n<p style=\"text-align: center;\">Salle Andr\u00e9 Guisset<\/p>\r\n<p style=\"text-align: center;\">\u00a7\u00a7\u00a7\u00a7\u00a7\u00a7\u00a7\u00a7\u00a7\u00a7\u00a7\u00a7\u00a7\u00a7\u00a7\u00a7\u00a7\u00a7\u00a7\u00a7\u00a7\u00a7\u00a7\u00a7\u00a7\u00a7\u00a7\u00a7\u00a7\u00a7\u00a7\u00a7\u00a7\u00a7\u00a7\u00a7\u00a7\u00a7\u00a7<\/p>\r\n<h1 style=\"text-align: center;\"><span style=\"color: #ff0000;\"><strong>MARCH\u00c9 DE NO\u00cbL 2026<\/strong><\/span><\/h1>\r\n<h2 style=\"text-align: center;\">Samedi 13 d\u00e9cembre 2026<\/h2>\r\n<h2 style=\"text-align: center;\">dimanche 14 d\u00e9cembre 2026<\/h2>\r\n<p style=\"text-align: center;\">Salle Andr\u00e9 Guisset<\/p>\r\n<p style=\"text-align: center;\">\u00a7\u00a7\u00a7\u00a7\u00a7\u00a7\u00a7\u00a7\u00a7\u00a7\u00a7\u00a7\u00a7\u00a7\u00a7\u00a7\u00a7\u00a7\u00a7\u00a7\u00a7\u00a7\u00a7\u00a7\u00a7\u00a7\u00a7\u00a7\u00a7\u00a7\u00a7\u00a7\u00a7\u00a7\u00a7\u00a7\u00a7\u00a7\u00a7<\/p>\r\n<!-- ===================== --><!-- SCRIPT (1 seule fois) --><!-- ===================== -->\r\n<p><script>\r\n(function () {\r\n  function parseDates(str) {\r\n    return str.split(\",\")\r\n      .map(s => s.trim())\r\n      .filter(Boolean)\r\n      .map(d => new Date(d + \"T12:00:00\")); \/\/ midi = stable (DST)\r\n  }\r\n\r\n  function formatCountdown(diffDays) {\r\n    if (diffDays > 1) return \"Dans \" + diffDays + \" jours\";\r\n    if (diffDays === 1) return \"Dans 1 jour\";\r\n    if (diffDays === 0) return \"C\u2019est aujourd\u2019hui !\";\r\n    return \"\u00c9v\u00e9nement pass\u00e9\";\r\n  }\r\n\r\n  const now = new Date();\r\n  const msPerDay = 24 * 60 * 60 * 1000;\r\n\r\n  document.querySelectorAll(\".countdown\").forEach(function (node) {\r\n    const span = node.querySelector(\"span\");\r\n    if (!span) return;\r\n\r\n    const datesAttr = node.getAttribute(\"data-dates\") || \"\";\r\n    const dates = parseDates(datesAttr).sort((a,b) => a - b);\r\n\r\n    \/\/ prochaine date \u00e0 venir (ou aujourd'hui)\r\n    const future = dates.filter(dt => dt >= now);\r\n    if (!future.length) {\r\n      span.textContent = \"\u00c9v\u00e9nement pass\u00e9\";\r\n      return;\r\n    }\r\n\r\n    const target = future[0];\r\n    const diffDays = Math.ceil((target - now) \/ msPerDay);\r\n    span.textContent = formatCountdown(diffDays);\r\n  });\r\n\r\n  \/\/ Rafra\u00eechit si quelqu\u2019un laisse la page ouverte\r\n  setTimeout(function () { location.reload(); }, 60 * 60 * 1000);\r\n})();\r\n<\/script><\/p>","protected":false},"excerpt":{"rendered":"<p>Nous sommes le , Il est . Prochaines animations DICAUCE DEL PAV\u00c9E 2026 \u00a0 Vendredi 08 mai 2026 Samedi 09 mai 2026 Dimanche 10 mai 2026 R\u00e9servation BBQ du comit\u00e9 Place do Bia Bouquet \u00a7\u00a7\u00a7\u00a7\u00a7\u00a7\u00a7\u00a7\u00a7\u00a7\u00a7\u00a7\u00a7\u00a7\u00a7\u00a7\u00a7\u00a7\u00a7\u00a7\u00a7\u00a7\u00a7\u00a7\u00a7\u00a7\u00a7\u00a7\u00a7\u00a7\u00a7\u00a7\u00a7\u00a7\u00a7\u00a7\u00a7\u00a7\u00a7 EXPOSITION BEL&rsquo;ART 2026 \u00a0 Salle &hellip; <a href=\"https:\/\/cacbelgrade.be\/\">Continuer la lecture <span class=\"meta-nav\">&rarr;<\/span><\/a><\/p>\n","protected":false},"author":1,"featured_media":0,"parent":0,"menu_order":1,"comment_status":"closed","ping_status":"closed","template":"onecolumn-page.php","meta":{"jetpack_post_was_ever_published":false,"footnotes":""},"class_list":["post-87","page","type-page","status-publish","hentry"],"jetpack_sharing_enabled":false,"jetpack_shortlink":"https:\/\/wp.me\/P9lq1t-1p","jetpack_likes_enabled":false,"jetpack-related-posts":[],"_links":{"self":[{"href":"https:\/\/cacbelgrade.be\/index.php\/wp-json\/wp\/v2\/pages\/87","targetHints":{"allow":["GET"]}}],"collection":[{"href":"https:\/\/cacbelgrade.be\/index.php\/wp-json\/wp\/v2\/pages"}],"about":[{"href":"https:\/\/cacbelgrade.be\/index.php\/wp-json\/wp\/v2\/types\/page"}],"author":[{"embeddable":true,"href":"https:\/\/cacbelgrade.be\/index.php\/wp-json\/wp\/v2\/users\/1"}],"replies":[{"embeddable":true,"href":"https:\/\/cacbelgrade.be\/index.php\/wp-json\/wp\/v2\/comments?post=87"}],"version-history":[{"count":473,"href":"https:\/\/cacbelgrade.be\/index.php\/wp-json\/wp\/v2\/pages\/87\/revisions"}],"predecessor-version":[{"id":4971,"href":"https:\/\/cacbelgrade.be\/index.php\/wp-json\/wp\/v2\/pages\/87\/revisions\/4971"}],"wp:attachment":[{"href":"https:\/\/cacbelgrade.be\/index.php\/wp-json\/wp\/v2\/media?parent=87"}],"curies":[{"name":"wp","href":"https:\/\/api.w.org\/{rel}","templated":true}]}}